{"id":51,"date":"2023-06-08T02:14:20","date_gmt":"2023-06-08T02:14:20","guid":{"rendered":"https:\/\/lucasrocca.com.ar\/?page_id=51"},"modified":"2023-10-07T16:16:39","modified_gmt":"2023-10-07T16:16:39","slug":"quienes-somos","status":"publish","type":"page","link":"https:\/\/lucasrocca.com.ar\/index.php\/quienes-somos\/","title":{"rendered":"Quienes S\u00f3mos"},"content":{"rendered":"<p>[et_pb_section fb_built=\u00bb1&#8243; _builder_version=\u00bb4.21.0&#8243; background_color=\u00bbrgba(0,0,0,0.03)\u00bb background_position=\u00bbtop_center\u00bb custom_margin=\u00bb|||\u00bb custom_padding=\u00bb100px||100px|\u00bb global_colors_info=\u00bb{}\u00bb][et_pb_row _builder_version=\u00bb4.16&#8243; custom_margin=\u00bb|||\u00bb locked=\u00bboff\u00bb global_colors_info=\u00bb{}\u00bb][et_pb_column type=\u00bb4_4&#8243; _builder_version=\u00bb4.16&#8243; custom_padding=\u00bb|||\u00bb global_colors_info=\u00bb{}\u00bb custom_padding__hover=\u00bb|||\u00bb][et_pb_text _builder_version=\u00bb4.16&#8243; text_font=\u00bbLato||||||||\u00bb text_text_color=\u00bb#898f99&#8243; text_font_size=\u00bb18px\u00bb text_line_height=\u00bb2em\u00bb header_font=\u00bb||||||||\u00bb header_2_font=\u00bbLato|700|||||||\u00bb header_2_font_size=\u00bb42px\u00bb header_2_line_height=\u00bb1.5em\u00bb text_orientation=\u00bbcenter\u00bb max_width=\u00bb800px\u00bb module_alignment=\u00bbcenter\u00bb locked=\u00bboff\u00bb global_colors_info=\u00bb{}\u00bb]<\/p>\n<h2>Qui\u00e9nes somos<\/h2>\n<p style=\"text-align: justify;\">Nacida en el 2007, nuestra empresa comenz\u00f3 a transitar su camino en Esquel y Trevelin haciendo foco en el trabajo de asesoramiento econ\u00f3mico, impositivo, previsional y laboral.<\/p>\n<p style=\"text-align: justify;\">Instalada desde el 2009 en el Pueblo del Molino, el objetivo es brindar asesoramiento de calidad y soluciones r\u00e1pidas a nuestros clientes y nuestras clientas.<\/p>\n<p style=\"text-align: justify;\">En el a\u00f1o 2015 iniciamos un nuevo recorrido en el mundo inmobiliario para poder ofrecerle a la comunidad un servicio integral, que incluye la intermediaci\u00f3n y la compraventa de propiedades, tanto residenciales como comerciales.<\/p>\n<p style=\"text-align: justify;\">Con el profesionalismo de siempre, en esta etapa queremos ayudarte a cumplir el sue\u00f1o de la casa propia o conseguir el espacio perfecto para un emprendimiento.<\/p>\n<p style=\"text-align: justify;\">Contactate con Lucas Rocca Propiedades. Coordinamos una entrevista y te acompa\u00f1amos para encontrar juntos y juntas tu espacio ideal.<\/p>\n<p>[\/et_pb_text][\/et_pb_column][\/et_pb_row][\/et_pb_section][et_pb_section fb_built=\u00bb1&#8243; _builder_version=\u00bb4.21.0&#8243; _module_preset=\u00bbdefault\u00bb global_colors_info=\u00bb{}\u00bb][et_pb_row _builder_version=\u00bb4.21.0&#8243; _module_preset=\u00bbdefault\u00bb global_colors_info=\u00bb{}\u00bb][et_pb_column type=\u00bb4_4&#8243; _builder_version=\u00bb4.21.0&#8243; _module_preset=\u00bbdefault\u00bb global_colors_info=\u00bb{}\u00bb][et_pb_team_member name=\u00bbLucas Ezequiel Rocca\u00bb image_url=\u00bbhttps:\/\/lucasrocca.com.ar\/wp-content\/uploads\/2023\/06\/1915286_1220606766527_1830777_n.jpg\u00bb _builder_version=\u00bb4.21.0&#8243; _module_preset=\u00bbdefault\u00bb hover_enabled=\u00bb0&#8243; border_radii_image=\u00bbon|7px|7px|7px|7px\u00bb box_shadow_style_image=\u00bbpreset2&#8243; global_colors_info=\u00bb{}\u00bb border_radii_image__hover_enabled=\u00bboff|desktop\u00bb position=\u00bbCocich MP 213&#8243; sticky_enabled=\u00bb0&#8243;][\/et_pb_team_member][\/et_pb_column][\/et_pb_row][\/et_pb_section]<\/p>\n","protected":false},"excerpt":{"rendered":"<p>Qui\u00e9nes somos Nacida en el 2007, nuestra empresa comenz\u00f3 a transitar su camino en Esquel y Trevelin haciendo foco en el trabajo de asesoramiento econ\u00f3mico, impositivo, previsional y laboral. Instalada desde el 2009 en el Pueblo del Molino, el objetivo es brindar asesoramiento de calidad y soluciones r\u00e1pidas a nuestros clientes y nuestras clientas. En [&hellip;]<\/p>\n","protected":false},"author":1,"featured_media":0,"parent":0,"menu_order":0,"comment_status":"closed","ping_status":"closed","template":"","meta":{"_et_pb_use_builder":"on","_et_pb_old_content":"","_et_gb_content_width":"","footnotes":""},"class_list":["post-51","page","type-page","status-publish","hentry"],"_links":{"self":[{"href":"https:\/\/lucasrocca.com.ar\/index.php\/wp-json\/wp\/v2\/pages\/51","targetHints":{"allow":["GET"]}}],"collection":[{"href":"https:\/\/lucasrocca.com.ar\/index.php\/wp-json\/wp\/v2\/pages"}],"about":[{"href":"https:\/\/lucasrocca.com.ar\/index.php\/wp-json\/wp\/v2\/types\/page"}],"author":[{"embeddable":true,"href":"https:\/\/lucasrocca.com.ar\/index.php\/wp-json\/wp\/v2\/users\/1"}],"replies":[{"embeddable":true,"href":"https:\/\/lucasrocca.com.ar\/index.php\/wp-json\/wp\/v2\/comments?post=51"}],"version-history":[{"count":7,"href":"https:\/\/lucasrocca.com.ar\/index.php\/wp-json\/wp\/v2\/pages\/51\/revisions"}],"predecessor-version":[{"id":265,"href":"https:\/\/lucasrocca.com.ar\/index.php\/wp-json\/wp\/v2\/pages\/51\/revisions\/265"}],"wp:attachment":[{"href":"https:\/\/lucasrocca.com.ar\/index.php\/wp-json\/wp\/v2\/media?parent=51"}],"curies":[{"name":"wp","href":"https:\/\/api.w.org\/{rel}","templated":true}]}}